{"id":264,"date":"2025-10-03T21:13:26","date_gmt":"2025-10-03T21:13:26","guid":{"rendered":"https:\/\/altsl.com\/?page_id=264"},"modified":"2026-04-25T02:57:07","modified_gmt":"2026-04-25T10:57:07","slug":"about-us","status":"publish","type":"page","link":"https:\/\/altsl.com\/es\/about-us\/","title":{"rendered":"About us"},"content":{"rendered":"<div data-elementor-type=\"wp-page\" data-elementor-id=\"264\" class=\"elementor elementor-264\" data-elementor-post-type=\"page\">\n\t\t\t\t<div data-particle_enable=\"false\" data-particle-mobile-disabled=\"false\" class=\"elementor-element elementor-element-dd1e3d3 e-flex e-con-boxed e-con e-parent\" data-id=\"dd1e3d3\" data-element_type=\"container\" data-settings=\"{&quot;background_background&quot;:&quot;classic&quot;}\">\n\t\t\t\t\t<div class=\"e-con-inner\">\n\t\t<div data-particle_enable=\"false\" data-particle-mobile-disabled=\"false\" class=\"elementor-element elementor-element-f00d9f0 e-con-full e-flex e-con e-child\" data-id=\"f00d9f0\" data-element_type=\"container\">\n\t\t\t\t<div class=\"elementor-element elementor-element-eb1d278 elementor-widget elementor-widget-heading\" data-id=\"eb1d278\" data-element_type=\"widget\" data-widget_type=\"heading.default\">\n\t\t\t\t\t<h1 class=\"elementor-heading-title elementor-size-default\">Acerca de las Ventas Alt de Fin de Semana<\/h1>\t\t\t\t<\/div>\n\t\t\t\t<div class=\"elementor-element elementor-element-c59e69b elementor-widget elementor-widget-heading\" data-id=\"c59e69b\" data-element_type=\"widget\" data-widget_type=\"heading.default\">\n\t\t\t\t\t<h2 class=\"elementor-heading-title elementor-size-default\">Una Venta de Fin de Semana Pensada para el Lado Alternativo de Second Life<\/h2>\t\t\t\t<\/div>\n\t\t\t\t<\/div>\n\t\t\t\t\t<\/div>\n\t\t\t\t<\/div>\n\t\t<div data-particle_enable=\"false\" data-particle-mobile-disabled=\"false\" class=\"elementor-element elementor-element-4cd0b0c e-flex e-con-boxed e-con e-parent\" data-id=\"4cd0b0c\" data-element_type=\"container\" data-settings=\"{&quot;background_background&quot;:&quot;classic&quot;}\">\n\t\t\t\t\t<div class=\"e-con-inner\">\n\t\t\t\t<div class=\"elementor-element elementor-element-ec419e9 elementor-widget elementor-widget-heading\" data-id=\"ec419e9\" data-element_type=\"widget\" data-widget_type=\"heading.default\">\n\t\t\t\t\t<h1 class=\"elementor-heading-title elementor-size-default\">Nuestra Historia<\/h1>\t\t\t\t<\/div>\n\t\t\t\t<div class=\"elementor-element elementor-element-8979b65 elementor-widget elementor-widget-text-editor\" data-id=\"8979b65\" data-element_type=\"widget\" data-widget_type=\"text-editor.default\">\n\t\t\t\t\t\t\t\t\t<p>Somos dos jugadores de Second Life y propietarios de tiendas desde hace mucho tiempo que siempre han amado el lado alternativo de la grid: goth, emo, punk, grunge y todo lo dem\u00e1s. Mientras dirig\u00edamos nuestras propias tiendas y busc\u00e1bamos ofertas, nos dimos cuenta de que no exist\u00eda una venta de fin de semana dedicada a esta escena. Por eso empezamos Alt Weekend Sale: un espacio para que los creadores muestren su trabajo y los compradores descubran f\u00e1cilmente estilos nuevos cada semana. Est\u00e1 hecho por jugadores, para jugadores, con el objetivo de apoyar a dise\u00f1adores independientes y celebrar la cultura alternativa \u00fanica de Second Life.<\/p>\t\t\t\t\t\t\t\t<\/div>\n\t\t\t\t<div class=\"elementor-element elementor-element-31adbc6 elementor-widget elementor-widget-html\" data-id=\"31adbc6\" data-element_type=\"widget\" data-widget_type=\"html.default\">\n\t\t\t\t\t<div class=\"aws-team-wrap\">\r\n  <style>\r\n    @import url('https:\/\/fonts.googleapis.com\/css2?family=Onest:wght@400;500;600;700;800;900&family=Staatliches&display=swap');\r\n\r\n    .aws-team-wrap{\r\n      --aws-bg:#0f0f10;\r\n      --aws-card:#171718;\r\n      --aws-line:rgba(255,255,255,.08);\r\n      --aws-line-strong:rgba(255,255,255,.16);\r\n      --aws-text:#ffffff;\r\n      --aws-muted:rgba(255,255,255,.72);\r\n      --aws-accent:rgba(255,255,255,.92);\r\n      --aws-shadow:0 24px 60px rgba(0,0,0,.42);\r\n      --aws-radius:26px;\r\n      width:100%;\r\n      margin:0;\r\n      padding:0;\r\n      font-family:'Onest',sans-serif;\r\n    }\r\n\r\n    .aws-team-wrap *{\r\n      box-sizing:border-box;\r\n      font-family:'Onest',sans-serif;\r\n    }\r\n\r\n    .aws-team-grid{\r\n      display:grid;\r\n      grid-template-columns:repeat(2,minmax(0,1fr));\r\n      gap:22px;\r\n      width:100%;\r\n    }\r\n\r\n    .aws-card{\r\n      position:relative;\r\n      min-height:395px;\r\n      overflow:hidden;\r\n      border-radius:var(--aws-radius);\r\n      background:\r\n        radial-gradient(circle at 15% 12%, rgba(255,255,255,.06), transparent 28%),\r\n        radial-gradient(circle at 84% 10%, rgba(255,255,255,.045), transparent 24%),\r\n        linear-gradient(145deg, #191919 0%, #101010 55%, #141414 100%);\r\n      border:1px solid var(--aws-line);\r\n      box-shadow:var(--aws-shadow);\r\n      isolation:isolate;\r\n      transition:transform .28s ease, border-color .28s ease, box-shadow .28s ease;\r\n    }\r\n\r\n    .aws-card:hover{\r\n      transform:translateY(-6px);\r\n      border-color:var(--aws-line-strong);\r\n      box-shadow:0 32px 76px rgba(0,0,0,.52);\r\n    }\r\n\r\n    .aws-card::before{\r\n      content:\"\";\r\n      position:absolute;\r\n      inset:0;\r\n      pointer-events:none;\r\n      background:\r\n        linear-gradient(115deg, rgba(255,255,255,.04), transparent 24%),\r\n        linear-gradient(292deg, rgba(255,255,255,.025), transparent 24%),\r\n        repeating-linear-gradient(\r\n          95deg,\r\n          transparent 0 72px,\r\n          rgba(255,255,255,.03) 72px 73px,\r\n          transparent 73px 145px\r\n        );\r\n      z-index:0;\r\n    }\r\n\r\n    .aws-card::after{\r\n      content:\"\";\r\n      position:absolute;\r\n      inset:1px;\r\n      border-radius:calc(var(--aws-radius) - 1px);\r\n      pointer-events:none;\r\n      border:1px solid rgba(255,255,255,.03);\r\n      z-index:0;\r\n    }\r\n\r\n    .aws-card-inner{\r\n      position:relative;\r\n      z-index:1;\r\n      display:grid;\r\n      grid-template-columns:minmax(0,1fr) 240px;\r\n      align-items:end;\r\n      min-height:395px;\r\n      padding:24px 24px 0;\r\n    }\r\n\r\n    .aws-copy{\r\n      align-self:start;\r\n      max-width:290px;\r\n      position:relative;\r\n      z-index:2;\r\n    }\r\n\r\n    .aws-name-link{\r\n      display:inline-flex;\r\n      align-items:center;\r\n      gap:10px;\r\n      color:var(--aws-text);\r\n      text-decoration:none;\r\n      margin:0 0 8px;\r\n    }\r\n\r\n    .aws-name{\r\n      position:relative;\r\n      display:inline-block;\r\n      font-family:'Staatliches',sans-serif !important;\r\n      font-size:clamp(34px,2.5vw,46px);\r\n      line-height:.92;\r\n      font-weight:400;\r\n      letter-spacing:.02em;\r\n      text-transform:uppercase;\r\n      text-shadow:0 4px 18px rgba(0,0,0,.42);\r\n    }\r\n\r\n    .aws-name::after{\r\n      content:\"\";\r\n      position:absolute;\r\n      left:0;\r\n      bottom:-6px;\r\n      width:100%;\r\n      height:2px;\r\n      background:linear-gradient(90deg, rgba(255,255,255,.95), rgba(255,255,255,.16));\r\n      transform:scaleX(.78);\r\n      transform-origin:left;\r\n      transition:transform .25s ease;\r\n    }\r\n\r\n    .aws-name-link:hover .aws-name::after{\r\n      transform:scaleX(1);\r\n    }\r\n\r\n    .aws-link-icon{\r\n      font-size:13px;\r\n      line-height:1;\r\n      opacity:.85;\r\n      transform:translateY(-4px);\r\n      transition:transform .25s ease, opacity .25s ease;\r\n    }\r\n\r\n    .aws-name-link:hover .aws-link-icon{\r\n      opacity:1;\r\n      transform:translate(2px,-6px);\r\n    }\r\n\r\n    .aws-role{\r\n      margin:12px 0 18px;\r\n      color:var(--aws-muted);\r\n      font-size:14px;\r\n      line-height:1.35;\r\n      font-weight:600;\r\n      letter-spacing:.02em;\r\n    }\r\n\r\n    .aws-cta-row{\r\n      display:flex;\r\n      flex-wrap:wrap;\r\n      gap:8px;\r\n    }\r\n\r\n    .aws-cta{\r\n      display:inline-flex;\r\n      align-items:center;\r\n      justify-content:center;\r\n      gap:8px;\r\n      min-height:40px;\r\n      padding:10px 15px;\r\n      border-radius:999px;\r\n      color:var(--aws-text);\r\n      text-decoration:none;\r\n      text-transform:uppercase;\r\n      letter-spacing:.08em;\r\n      font-size:11px;\r\n      font-weight:800;\r\n      border:1px solid rgba(255,255,255,.12);\r\n      background:rgba(255,255,255,.05);\r\n      backdrop-filter:blur(5px);\r\n      transition:transform .25s ease, background .25s ease, border-color .25s ease;\r\n    }\r\n\r\n    .aws-cta:hover{\r\n      transform:translateY(-1px);\r\n      background:rgba(255,255,255,.09);\r\n      border-color:rgba(255,255,255,.2);\r\n    }\r\n\r\n    .aws-photo-link{\r\n      position:relative;\r\n      display:block;\r\n      align-self:end;\r\n      justify-self:end;\r\n      width:100%;\r\n      max-width:245px;\r\n      min-height:330px;\r\n      text-decoration:none;\r\n      outline:none;\r\n    }\r\n\r\n    .aws-frame{\r\n      position:absolute;\r\n      inset:24px 12px 0 10px;\r\n      border-radius:18px 18px 0 0;\r\n      transform:rotate(-2.2deg);\r\n      border:1px solid rgba(255,255,255,.09);\r\n      background:linear-gradient(180deg, rgba(255,255,255,.035), transparent 48%);\r\n      box-shadow:inset 0 0 0 1px rgba(255,255,255,.02), 0 16px 26px rgba(0,0,0,.28);\r\n      pointer-events:none;\r\n    }\r\n\r\n    .aws-tape,\r\n    .aws-sticker{\r\n      position:absolute;\r\n      pointer-events:none;\r\n      z-index:3;\r\n    }\r\n\r\n    .aws-tape{\r\n      top:16px;\r\n      width:88px;\r\n      height:22px;\r\n      background:linear-gradient(180deg, rgba(215,215,215,.22), rgba(150,150,150,.11));\r\n      border:1px solid rgba(255,255,255,.05);\r\n      box-shadow:0 5px 12px rgba(0,0,0,.18);\r\n      backdrop-filter:blur(1px);\r\n    }\r\n\r\n    .aws-card--og .aws-tape{\r\n      left:10px;\r\n      transform:rotate(-12deg);\r\n    }\r\n\r\n    .aws-card--cry .aws-tape{\r\n      right:10px;\r\n      transform:rotate(10deg);\r\n    }\r\n\r\n    .aws-sticker{\r\n      left:18px;\r\n      bottom:22px;\r\n      padding:7px 10px 6px;\r\n      border-radius:6px;\r\n      font-size:10px;\r\n      line-height:1;\r\n      font-weight:800;\r\n      letter-spacing:.14em;\r\n      text-transform:uppercase;\r\n      color:#fff;\r\n      background:rgba(255,255,255,.07);\r\n      border:1px solid rgba(255,255,255,.08);\r\n      transform:rotate(-6deg);\r\n      opacity:.92;\r\n      backdrop-filter:blur(4px);\r\n      box-shadow:0 10px 20px rgba(0,0,0,.24);\r\n    }\r\n\r\n    .aws-photo{\r\n      position:absolute;\r\n      right:0;\r\n      bottom:0;\r\n      width:auto;\r\n      max-width:none;\r\n      max-height:342px;\r\n      object-fit:contain;\r\n      filter:\r\n        drop-shadow(0 26px 22px rgba(0,0,0,.56))\r\n        contrast(1.03)\r\n        saturate(.96);\r\n      transform-origin:bottom center;\r\n      transition:transform .34s ease, filter .34s ease;\r\n    }\r\n\r\n    .aws-photo-link:hover .aws-photo{\r\n      transform:translateY(-7px) scale(1.02);\r\n      filter:\r\n        drop-shadow(0 32px 28px rgba(0,0,0,.62))\r\n        contrast(1.06)\r\n        saturate(1);\r\n    }\r\n\r\n    .aws-card--og .aws-photo{\r\n      right:-4px;\r\n    }\r\n\r\n    .aws-card--cry .aws-photo{\r\n      right:-2px;\r\n    }\r\n\r\n    .aws-card--og{\r\n      background:\r\n        radial-gradient(circle at 18% 14%, rgba(120,120,120,.08), transparent 28%),\r\n        linear-gradient(145deg, #1b1b1b 0%, #0f0f10 56%, #141414 100%);\r\n    }\r\n\r\n    .aws-card--cry{\r\n      background:\r\n        radial-gradient(circle at 82% 12%, rgba(190,190,190,.08), transparent 24%),\r\n        linear-gradient(145deg, #191919 0%, #0d0d0d 58%, #151515 100%);\r\n    }\r\n\r\n    .aws-card--og .aws-copy::before,\r\n    .aws-card--cry .aws-copy::before{\r\n      content:\"\";\r\n      position:absolute;\r\n      left:-8px;\r\n      top:-10px;\r\n      width:76px;\r\n      height:76px;\r\n      border-radius:50%;\r\n      background:radial-gradient(circle, rgba(255,255,255,.07), transparent 68%);\r\n      filter:blur(6px);\r\n      pointer-events:none;\r\n      z-index:-1;\r\n    }\r\n\r\n    @media (max-width: 980px){\r\n      .aws-team-grid{\r\n        grid-template-columns:1fr;\r\n      }\r\n\r\n      .aws-card-inner{\r\n        grid-template-columns:minmax(0,1fr) 220px;\r\n      }\r\n    }\r\n\r\n    @media (max-width: 640px){\r\n      .aws-card{\r\n        min-height:unset;\r\n      }\r\n\r\n      .aws-card-inner{\r\n        grid-template-columns:1fr;\r\n        min-height:unset;\r\n        padding:22px 18px 0;\r\n      }\r\n\r\n      .aws-copy{\r\n        max-width:none;\r\n        margin-bottom:12px;\r\n      }\r\n\r\n      .aws-photo-link{\r\n        justify-self:center;\r\n        max-width:220px;\r\n        min-height:285px;\r\n      }\r\n\r\n      .aws-photo{\r\n        max-height:290px;\r\n      }\r\n\r\n      .aws-sticker{\r\n        left:12px;\r\n        bottom:16px;\r\n      }\r\n    }\r\n  <\/style>\r\n\r\n  <div class=\"aws-team-grid\">\r\n    <article class=\"aws-card aws-card--og\">\r\n      <div class=\"aws-card-inner\">\r\n        <div class=\"aws-copy\">\r\n          <a class=\"aws-name-link\" href=\"secondlife:\/\/\/app\/agent\/8e7df4ff-0d3f-4763-b840-e012b30a8c19\/about\">\r\n            <span class=\"aws-name\">OG Resident<\/span>\r\n            <span class=\"aws-link-icon\">\u2197<\/span>\r\n          <\/a>\r\n\r\n          <div class=\"aws-role\">Owner \/ Web Development<\/div>\r\n\r\n          <div class=\"aws-cta-row\">\r\n            <a class=\"aws-cta\" href=\"secondlife:\/\/\/app\/agent\/8e7df4ff-0d3f-4763-b840-e012b30a8c19\/about\">\r\n              View SL Profile\r\n            <\/a>\r\n            <a class=\"aws-cta\" href=\"https:\/\/www.primfeed.com\/og.resident\" target=\"_blank\" rel=\"noopener\">\r\n              Primfeed\r\n            <\/a>\r\n            <a class=\"aws-cta\" href=\"https:\/\/x.com\/Poseballer\" target=\"_blank\" rel=\"noopener\">\r\n              X\r\n            <\/a>\r\n          <\/div>\r\n        <\/div>\r\n\r\n        <a class=\"aws-photo-link\" href=\"secondlife:\/\/\/app\/agent\/8e7df4ff-0d3f-4763-b840-e012b30a8c19\/about\" aria-label=\"Open OG Resident profile\">\r\n          <span class=\"aws-tape\"><\/span>\r\n          <span class=\"aws-frame\"><\/span>\r\n          <span class=\"aws-sticker\">Founder<\/span>\r\n          <img decoding=\"async\"\r\n            class=\"aws-photo\"\r\n            src=\"https:\/\/altsl.com\/wp-content\/uploads\/2025\/12\/OGr-1-864x1024.png\"\r\n            alt=\"OG Resident\"\r\n          >\r\n        <\/a>\r\n      <\/div>\r\n    <\/article>\r\n\r\n    <article class=\"aws-card aws-card--cry\">\r\n      <div class=\"aws-card-inner\">\r\n        <div class=\"aws-copy\">\r\n          <a class=\"aws-name-link\" href=\"secondlife:\/\/\/app\/agent\/82f7bfa3-985f-442a-b105-f210a1b423ef\/about\">\r\n            <span class=\"aws-name\">Cry Resident<\/span>\r\n            <span class=\"aws-link-icon\">\u2197<\/span>\r\n          <\/a>\r\n\r\n          <div class=\"aws-role\">Co-Owner \/ Graphics<\/div>\r\n\r\n          <div class=\"aws-cta-row\">\r\n            <a class=\"aws-cta\" href=\"secondlife:\/\/\/app\/agent\/82f7bfa3-985f-442a-b105-f210a1b423ef\/about\">\r\n              View SL Profile\r\n            <\/a>\r\n            <a class=\"aws-cta\" href=\"https:\/\/www.primfeed.com\/cry.resident\" target=\"_blank\" rel=\"noopener\">\r\n              Primfeed\r\n            <\/a>\r\n            <a class=\"aws-cta\" href=\"https:\/\/x.com\/flexiprim\" target=\"_blank\" rel=\"noopener\">\r\n              X\r\n            <\/a>\r\n          <\/div>\r\n        <\/div>\r\n\r\n        <a class=\"aws-photo-link\" href=\"secondlife:\/\/\/app\/agent\/82f7bfa3-985f-442a-b105-f210a1b423ef\/about\" aria-label=\"Open Cry Resident profile\">\r\n          <span class=\"aws-tape\"><\/span>\r\n          <span class=\"aws-frame\"><\/span>\r\n          <span class=\"aws-sticker\">Graphics<\/span>\r\n          <img decoding=\"async\"\r\n            class=\"aws-photo\"\r\n            src=\"https:\/\/altsl.com\/wp-content\/uploads\/2025\/10\/Cry-Resident-837x1024.png\"\r\n            alt=\"Cry Resident\"\r\n          >\r\n        <\/a>\r\n      <\/div>\r\n    <\/article>\r\n  <\/div>\r\n<\/div>\t\t\t\t<\/div>\n\t\t\t\t\t<\/div>\n\t\t\t\t<\/div>\n\t\t\t\t<\/div>","protected":false},"excerpt":{"rendered":"<p>About Alt Weekend Sales A Weekend Sale Made for the Alternative Side of Second Life Our Story We\u2019re two long-time Second Life players and shop owners who have always loved the alternative side of the grid \u2014 goth, emo, punk, grunge, and everything in between. While running our own stores and searching for deals, we [&hellip;]<\/p>\n","protected":false},"author":1,"featured_media":482,"parent":0,"menu_order":0,"comment_status":"closed","ping_status":"closed","template":"","meta":{"footnotes":""},"class_list":["post-264","page","type-page","status-publish","has-post-thumbnail","hentry"],"yoast_head":"<!-- This site is optimized with the Yoast SEO plugin v27.4 - https:\/\/yoast.com\/product\/yoast-seo-wordpress\/ -->\n<title>About The Alt Weekend Sale: Built by SL Players, for Players<\/title>\n<meta name=\"description\" content=\"Learn why two long-time Second Life players started the Alt Weekend Sale! Our mission: to support independent goth, emo, punk creators.\" \/>\n<meta name=\"robots\" content=\"index, follow, max-snippet:-1, max-image-preview:large, max-video-preview:-1\" \/>\n<link rel=\"canonical\" href=\"https:\/\/altsl.com\/es\/about-us\/\" \/>\n<meta property=\"og:locale\" content=\"es_ES\" \/>\n<meta property=\"og:type\" content=\"article\" \/>\n<meta property=\"og:title\" content=\"About The Alt Weekend Sale: Built by SL Players, for Players\" \/>\n<meta property=\"og:description\" content=\"Learn why two long-time Second Life players started the Alt Weekend Sale! Our mission: to support independent goth, emo, punk creators.\" \/>\n<meta property=\"og:url\" content=\"https:\/\/altsl.com\/es\/about-us\/\" \/>\n<meta property=\"og:site_name\" content=\"Alt Weekend Sales\" \/>\n<meta property=\"article:modified_time\" content=\"2026-04-25T10:57:07+00:00\" \/>\n<meta property=\"og:image\" content=\"https:\/\/altsl.com\/wp-content\/uploads\/2025\/10\/Alt_Banner.png\" \/>\n\t<meta property=\"og:image:width\" content=\"851\" \/>\n\t<meta property=\"og:image:height\" content=\"284\" \/>\n\t<meta property=\"og:image:type\" content=\"image\/png\" \/>\n<meta name=\"twitter:card\" content=\"summary_large_image\" \/>\n<meta name=\"twitter:label1\" content=\"Tiempo de lectura\" \/>\n\t<meta name=\"twitter:data1\" content=\"1 minuto\" \/>\n<script type=\"application\/ld+json\" class=\"yoast-schema-graph\">{\"@context\":\"https:\\\/\\\/schema.org\",\"@graph\":[{\"@type\":\"WebPage\",\"@id\":\"https:\\\/\\\/altsl.com\\\/about-us\\\/\",\"url\":\"https:\\\/\\\/altsl.com\\\/about-us\\\/\",\"name\":\"About The Alt Weekend Sale: Built by SL Players, for Players\",\"isPartOf\":{\"@id\":\"https:\\\/\\\/altsl.com\\\/#website\"},\"primaryImageOfPage\":{\"@id\":\"https:\\\/\\\/altsl.com\\\/about-us\\\/#primaryimage\"},\"image\":{\"@id\":\"https:\\\/\\\/altsl.com\\\/about-us\\\/#primaryimage\"},\"thumbnailUrl\":\"https:\\\/\\\/altsl.com\\\/wp-content\\\/uploads\\\/2025\\\/10\\\/Alt_Banner.png\",\"datePublished\":\"2025-10-03T21:13:26+00:00\",\"dateModified\":\"2026-04-25T10:57:07+00:00\",\"description\":\"Learn why two long-time Second Life players started the Alt Weekend Sale! Our mission: to support independent goth, emo, punk creators.\",\"breadcrumb\":{\"@id\":\"https:\\\/\\\/altsl.com\\\/about-us\\\/#breadcrumb\"},\"inLanguage\":\"es\",\"potentialAction\":[{\"@type\":\"ReadAction\",\"target\":[\"https:\\\/\\\/altsl.com\\\/about-us\\\/\"]}]},{\"@type\":\"ImageObject\",\"inLanguage\":\"es\",\"@id\":\"https:\\\/\\\/altsl.com\\\/about-us\\\/#primaryimage\",\"url\":\"https:\\\/\\\/altsl.com\\\/wp-content\\\/uploads\\\/2025\\\/10\\\/Alt_Banner.png\",\"contentUrl\":\"https:\\\/\\\/altsl.com\\\/wp-content\\\/uploads\\\/2025\\\/10\\\/Alt_Banner.png\",\"width\":851,\"height\":284},{\"@type\":\"BreadcrumbList\",\"@id\":\"https:\\\/\\\/altsl.com\\\/about-us\\\/#breadcrumb\",\"itemListElement\":[{\"@type\":\"ListItem\",\"position\":1,\"name\":\"Home\",\"item\":\"https:\\\/\\\/altsl.com\\\/\"},{\"@type\":\"ListItem\",\"position\":2,\"name\":\"About us\"}]},{\"@type\":\"WebSite\",\"@id\":\"https:\\\/\\\/altsl.com\\\/#website\",\"url\":\"https:\\\/\\\/altsl.com\\\/\",\"name\":\"Alt Weekend Sale\",\"description\":\"\",\"publisher\":{\"@id\":\"https:\\\/\\\/altsl.com\\\/#organization\"},\"potentialAction\":[{\"@type\":\"SearchAction\",\"target\":{\"@type\":\"EntryPoint\",\"urlTemplate\":\"https:\\\/\\\/altsl.com\\\/?s={search_term_string}\"},\"query-input\":{\"@type\":\"PropertyValueSpecification\",\"valueRequired\":true,\"valueName\":\"search_term_string\"}}],\"inLanguage\":\"es\"},{\"@type\":\"Organization\",\"@id\":\"https:\\\/\\\/altsl.com\\\/#organization\",\"name\":\"Alt Weekend Sale\",\"url\":\"https:\\\/\\\/altsl.com\\\/\",\"logo\":{\"@type\":\"ImageObject\",\"inLanguage\":\"es\",\"@id\":\"https:\\\/\\\/altsl.com\\\/#\\\/schema\\\/logo\\\/image\\\/\",\"url\":\"https:\\\/\\\/altsl.com\\\/wp-content\\\/uploads\\\/2025\\\/10\\\/OBzIOE4.png\",\"contentUrl\":\"https:\\\/\\\/altsl.com\\\/wp-content\\\/uploads\\\/2025\\\/10\\\/OBzIOE4.png\",\"width\":1024,\"height\":747,\"caption\":\"Alt Weekend Sale\"},\"image\":{\"@id\":\"https:\\\/\\\/altsl.com\\\/#\\\/schema\\\/logo\\\/image\\\/\"}}]}<\/script>\n<!-- \/ Yoast SEO plugin. -->","yoast_head_json":{"title":"Sobre Alt: Creado por Jugadores de SL, para Jugadores","description":"\u00a1Descubre por qu\u00e9 dos jugadores de Second Life fundaron Alt! Nuestra misi\u00f3n: apoyar a creadores g\u00f3ticos, emo, punk y celebrar la cultura alt de SL.","robots":{"index":"index","follow":"follow","max-snippet":"max-snippet:-1","max-image-preview":"max-image-preview:large","max-video-preview":"max-video-preview:-1"},"canonical":"https:\/\/altsl.com\/es\/about-us\/","og_locale":"es_ES","og_type":"article","og_title":"About The Alt Weekend Sale: Built by SL Players, for Players","og_description":"Learn why two long-time Second Life players started the Alt Weekend Sale! Our mission: to support independent goth, emo, punk creators.","og_url":"https:\/\/altsl.com\/es\/about-us\/","og_site_name":"Alt Weekend Sales","article_modified_time":"2026-04-25T10:57:07+00:00","og_image":[{"width":851,"height":284,"url":"https:\/\/altsl.com\/wp-content\/uploads\/2025\/10\/Alt_Banner.png","type":"image\/png"}],"twitter_card":"summary_large_image","twitter_misc":{"Tiempo de lectura":"1 minuto"},"schema":{"@context":"https:\/\/schema.org","@graph":[{"@type":"WebPage","@id":"https:\/\/altsl.com\/about-us\/","url":"https:\/\/altsl.com\/about-us\/","name":"Sobre Alt: Creado por Jugadores de SL, para Jugadores","isPartOf":{"@id":"https:\/\/altsl.com\/#website"},"primaryImageOfPage":{"@id":"https:\/\/altsl.com\/about-us\/#primaryimage"},"image":{"@id":"https:\/\/altsl.com\/about-us\/#primaryimage"},"thumbnailUrl":"https:\/\/altsl.com\/wp-content\/uploads\/2025\/10\/Alt_Banner.png","datePublished":"2025-10-03T21:13:26+00:00","dateModified":"2026-04-25T10:57:07+00:00","description":"\u00a1Descubre por qu\u00e9 dos jugadores de Second Life fundaron Alt! Nuestra misi\u00f3n: apoyar a creadores g\u00f3ticos, emo, punk y celebrar la cultura alt de SL.","breadcrumb":{"@id":"https:\/\/altsl.com\/about-us\/#breadcrumb"},"inLanguage":"es","potentialAction":[{"@type":"ReadAction","target":["https:\/\/altsl.com\/about-us\/"]}]},{"@type":"ImageObject","inLanguage":"es","@id":"https:\/\/altsl.com\/about-us\/#primaryimage","url":"https:\/\/altsl.com\/wp-content\/uploads\/2025\/10\/Alt_Banner.png","contentUrl":"https:\/\/altsl.com\/wp-content\/uploads\/2025\/10\/Alt_Banner.png","width":851,"height":284},{"@type":"BreadcrumbList","@id":"https:\/\/altsl.com\/about-us\/#breadcrumb","itemListElement":[{"@type":"ListItem","position":1,"name":"Home","item":"https:\/\/altsl.com\/"},{"@type":"ListItem","position":2,"name":"About us"}]},{"@type":"WebSite","@id":"https:\/\/altsl.com\/#website","url":"https:\/\/altsl.com\/","name":"Alt Weekend Sale","description":"","publisher":{"@id":"https:\/\/altsl.com\/#organization"},"potentialAction":[{"@type":"SearchAction","target":{"@type":"EntryPoint","urlTemplate":"https:\/\/altsl.com\/?s={search_term_string}"},"query-input":{"@type":"PropertyValueSpecification","valueRequired":true,"valueName":"search_term_string"}}],"inLanguage":"es"},{"@type":"Organization","@id":"https:\/\/altsl.com\/#organization","name":"Alt Weekend Sale","url":"https:\/\/altsl.com\/","logo":{"@type":"ImageObject","inLanguage":"es","@id":"https:\/\/altsl.com\/#\/schema\/logo\/image\/","url":"https:\/\/altsl.com\/wp-content\/uploads\/2025\/10\/OBzIOE4.png","contentUrl":"https:\/\/altsl.com\/wp-content\/uploads\/2025\/10\/OBzIOE4.png","width":1024,"height":747,"caption":"Alt Weekend Sale"},"image":{"@id":"https:\/\/altsl.com\/#\/schema\/logo\/image\/"}}]}},"_links":{"self":[{"href":"https:\/\/altsl.com\/es\/wp-json\/wp\/v2\/pages\/264","targetHints":{"allow":["GET"]}}],"collection":[{"href":"https:\/\/altsl.com\/es\/wp-json\/wp\/v2\/pages"}],"about":[{"href":"https:\/\/altsl.com\/es\/wp-json\/wp\/v2\/types\/page"}],"author":[{"embeddable":true,"href":"https:\/\/altsl.com\/es\/wp-json\/wp\/v2\/users\/1"}],"replies":[{"embeddable":true,"href":"https:\/\/altsl.com\/es\/wp-json\/wp\/v2\/comments?post=264"}],"version-history":[{"count":34,"href":"https:\/\/altsl.com\/es\/wp-json\/wp\/v2\/pages\/264\/revisions"}],"predecessor-version":[{"id":6128,"href":"https:\/\/altsl.com\/es\/wp-json\/wp\/v2\/pages\/264\/revisions\/6128"}],"wp:featuredmedia":[{"embeddable":true,"href":"https:\/\/altsl.com\/es\/wp-json\/wp\/v2\/media\/482"}],"wp:attachment":[{"href":"https:\/\/altsl.com\/es\/wp-json\/wp\/v2\/media?parent=264"}],"curies":[{"name":"wp","href":"https:\/\/api.w.org\/{rel}","templated":true}]}}